{"id":34,"date":"2023-04-16T14:26:47","date_gmt":"2023-04-16T12:26:47","guid":{"rendered":"https:\/\/forrostuttgart.de\/?page_id=34"},"modified":"2023-05-15T21:30:37","modified_gmt":"2023-05-15T19:30:37","slug":"forro-videos-stuttgart","status":"publish","type":"page","link":"https:\/\/forrostuttgart.de\/en\/forro-videos-stuttgart\/","title":{"rendered":"Forr\u00f3 Stuttgart Media"},"content":{"rendered":"<div data-elementor-type=\"wp-page\" data-elementor-id=\"34\" class=\"elementor elementor-34\">\n\t\t\t\t<div class=\"elementor-element elementor-element-ac14b09 e-flex e-con-boxed e-con e-parent\" data-id=\"ac14b09\" data-element_type=\"container\" data-e-type=\"container\" data-settings=\"{&quot;background_background&quot;:&quot;classic&quot;,&quot;shape_divider_bottom&quot;:&quot;pyramids&quot;,&quot;shape_divider_bottom_negative&quot;:&quot;yes&quot;}\">\n\t\t\t\t\t<div class=\"e-con-inner\">\n\t\t\t\t<div class=\"elementor-shape elementor-shape-bottom\" aria-hidden=\"true\" data-negative=\"true\">\n\t\t\t<svg xmlns=\"http:\/\/www.w3.org\/2000\/svg\" viewbox=\"0 0 1000 100\" preserveaspectratio=\"none\">\n\t<path class=\"elementor-shape-fill\" d=\"M761.9,40.6L643.1,24L333.9,93.8L0.1,1H0v99h1000V1\"\/>\n<\/svg>\t\t<\/div>\n\t\t<div class=\"elementor-element elementor-element-9f44c2a e-con-full e-flex e-con e-parent\" data-id=\"9f44c2a\" data-element_type=\"container\" data-e-type=\"container\">\n\t\t\t\t<div class=\"elementor-element elementor-element-ed5138a elementor-invisible elementor-widget elementor-widget-heading\" data-id=\"ed5138a\" data-element_type=\"widget\" data-e-type=\"widget\" data-settings=\"{&quot;_animation&quot;:&quot;fadeIn&quot;}\" data-widget_type=\"heading.default\">\n\t\t\t\t<div class=\"elementor-widget-container\">\n\t\t\t\t\t<h1 class=\"elementor-heading-title elementor-size-default\">Forr\u00f3 Videos Stuttgart<\/h1>\t\t\t\t<\/div>\n\t\t\t\t<\/div>\n\t\t\t\t<div class=\"elementor-element elementor-element-a0a016d envato-kit-24-90deg elementor-widget-divider--view-line elementor-invisible elementor-widget elementor-widget-divider\" data-id=\"a0a016d\" data-element_type=\"widget\" data-e-type=\"widget\" data-settings=\"{&quot;_animation&quot;:&quot;fadeIn&quot;,&quot;_animation_delay&quot;:100}\" data-widget_type=\"divider.default\">\n\t\t\t\t<div class=\"elementor-widget-container\">\n\t\t\t\t\t\t\t<div class=\"elementor-divider\">\n\t\t\t<span class=\"elementor-divider-separator\">\n\t\t\t\t\t\t<\/span>\n\t\t<\/div>\n\t\t\t\t\t\t<\/div>\n\t\t\t\t<\/div>\n\t\t\t\t<\/div>\n\t\t\t\t\t<\/div>\n\t\t\t\t<\/div>\n\t\t<div class=\"elementor-element elementor-element-2bd965e e-flex e-con-boxed e-con e-parent\" data-id=\"2bd965e\" data-element_type=\"container\" data-e-type=\"container\" data-settings=\"{&quot;background_background&quot;:&quot;classic&quot;}\">\n\t\t\t\t\t<div class=\"e-con-inner\">\n\t\t<div class=\"elementor-element elementor-element-7d6de99 e-con-full e-flex e-con e-parent\" data-id=\"7d6de99\" data-element_type=\"container\" data-e-type=\"container\">\n\t\t<div class=\"elementor-element elementor-element-5c75be1 e-con-full e-flex e-con e-parent\" data-id=\"5c75be1\" data-element_type=\"container\" data-e-type=\"container\" data-settings=\"{&quot;background_background&quot;:&quot;classic&quot;}\">\n\t\t<div class=\"elementor-element elementor-element-f68525a e-con-full e-flex e-con e-parent\" data-id=\"f68525a\" data-element_type=\"container\" data-e-type=\"container\">\n\t\t\t\t<div class=\"elementor-element elementor-element-7635e25 elementor-widget elementor-widget-heading\" data-id=\"7635e25\" data-element_type=\"widget\" data-e-type=\"widget\" data-widget_type=\"heading.default\">\n\t\t\t\t<div class=\"elementor-widget-container\">\n\t\t\t\t\t<h2 class=\"elementor-heading-title elementor-size-default\">Videos from Forr\u00f3 Events in Stuttgart<\/h2>\t\t\t\t<\/div>\n\t\t\t\t<\/div>\n\t\t\t\t<\/div>\n\t\t\t\t<\/div>\n\t\t<div class=\"elementor-element elementor-element-edb13c6 e-flex e-con-boxed e-con e-parent\" data-id=\"edb13c6\" data-element_type=\"container\" data-e-type=\"container\" data-settings=\"{&quot;background_background&quot;:&quot;classic&quot;}\">\n\t\t\t\t\t<div class=\"e-con-inner\">\n\t\t<div class=\"elementor-element elementor-element-86805e3 e-con-full e-flex e-con e-parent\" data-id=\"86805e3\" data-element_type=\"container\" data-e-type=\"container\">\n\t\t\t\t<div class=\"elementor-element elementor-element-c5c8c97 elementor-widget elementor-widget-html\" data-id=\"c5c8c97\" data-element_type=\"widget\" data-e-type=\"widget\" data-widget_type=\"html.default\">\n\t\t\t\t<div class=\"elementor-widget-container\">\n\t\t\t\t\t<div itemprop=\"video\" itemscope itemtype=\"http:\/\/schema.org\/VideoObject\">\r\n<h2><span itemprop=\"name\">Forro de Domingo Festival 2014 - Valmir & Juzinha - Stuttgart, Alemanha<\/span><\/h2>\r\n<meta itemprop=\"duration\" content=\"PT3M18S\" \/>\r\n<meta itemprop=\"uploadDate\" content=\"2014-07-01T21:36:18Z\"\/>\r\n<meta itemprop=\"thumbnailURL\" content=\"https:\/\/i.ytimg.com\/vi\/c33sqgUUJKg\/hqdefault.jpg\" \/>\r\n<meta itemprop=\"interactionCount\" content=\"54435908\" \/>\r\n<meta itemprop=\"embedURL\" content=\"https:\/\/youtube.googleapis.com\/v\/c33sqgUUJKg\" \/>\r\n<div id=\"schema-videoobject\" class=\"video-container\"><iframe width=\"853\" height=\"480\" src=\"https:\/\/www.youtube.com\/embed\/c33sqgUUJKg?rel=0&controls=0&showinfo=0\" frameborder=\"0\" allowfullscreen><\/iframe><\/div>\r\n<span itemprop=\"description\">http:\/\/www.forrofestival.com\r\n\r\nForr\u00f3-Performance of Valmir & Juzinha (group P\u00e9 Descal\u00e7o, Belo Horizonte) at the Brasil Party \"For All\" one of the biggest Forr\u00f3 parties in Europe.\r\n\r\nThis party is part of...<\/span>\r\n<\/div>\t\t\t\t<\/div>\n\t\t\t\t<\/div>\n\t\t\t\t<\/div>\n\t\t<div class=\"elementor-element elementor-element-df92a71 e-con-full e-flex e-con e-parent\" data-id=\"df92a71\" data-element_type=\"container\" data-e-type=\"container\">\n\t\t\t\t<div class=\"elementor-element elementor-element-a026f63 elementor-widget elementor-widget-html\" data-id=\"a026f63\" data-element_type=\"widget\" data-e-type=\"widget\" data-widget_type=\"html.default\">\n\t\t\t\t<div class=\"elementor-widget-container\">\n\t\t\t\t\t<div itemprop=\"video\" itemscope itemtype=\"http:\/\/schema.org\/VideoObject\">\r\n<h2><span itemprop=\"name\">Forro de Domingo Festival 2015 - Valmir & Juzinha - Stuttgart, Alemanha<\/span><\/h2>\r\n<meta itemprop=\"duration\" content=\"PT4M32S\" \/>\r\n<meta itemprop=\"uploadDate\" content=\"2015-06-19T18:19:28Z\"\/>\r\n<meta itemprop=\"thumbnailURL\" content=\"https:\/\/i.ytimg.com\/vi\/zeeku5fmpKQ\/hqdefault.jpg\" \/>\r\n<meta itemprop=\"interactionCount\" content=\"1486265\" \/>\r\n<meta itemprop=\"embedURL\" content=\"https:\/\/youtube.googleapis.com\/v\/zeeku5fmpKQ\" \/>\r\n<div id=\"schema-videoobject\" class=\"video-container\"><iframe width=\"853\" height=\"480\" src=\"https:\/\/www.youtube.com\/embed\/zeeku5fmpKQ?rel=0&controls=0&showinfo=0\" frameborder=\"0\" allowfullscreen><\/iframe><\/div>\r\n<span itemprop=\"description\">http:\/\/www.forrofestival.com\r\n\r\nForr\u00f3-Performance of Valmir & Juzinha (group P\u00e9 Descal\u00e7o, Belo Horizonte) at the Brasil Party \"For All\" one of the biggest Forr\u00f3 parties in Europe.\r\n\r\nThis party is part of...<\/span>\r\n<\/div>\t\t\t\t<\/div>\n\t\t\t\t<\/div>\n\t\t\t\t<\/div>\n\t\t\t\t\t<\/div>\n\t\t\t\t<\/div>\n\t\t<div class=\"elementor-element elementor-element-18cb9ea e-flex e-con-boxed e-con e-parent\" data-id=\"18cb9ea\" data-element_type=\"container\" data-e-type=\"container\" data-settings=\"{&quot;background_background&quot;:&quot;classic&quot;}\">\n\t\t\t\t\t<div class=\"e-con-inner\">\n\t\t<div class=\"elementor-element elementor-element-bef2c56 e-con-full e-flex e-con e-parent\" data-id=\"bef2c56\" data-element_type=\"container\" data-e-type=\"container\">\n\t\t\t\t<div class=\"elementor-element elementor-element-a50fb00 elementor-widget elementor-widget-html\" data-id=\"a50fb00\" data-element_type=\"widget\" data-e-type=\"widget\" data-widget_type=\"html.default\">\n\t\t\t\t<div class=\"elementor-widget-container\">\n\t\t\t\t\t<div itemprop=\"video\" itemscope itemtype=\"http:\/\/schema.org\/VideoObject\">\r\n<h2><span itemprop=\"name\">Forr\u00f3 de Domingo Festival - Junio & Vera<\/span><\/h2>\r\n<meta itemprop=\"duration\" content=\"PT4M11S\" \/>\r\n<meta itemprop=\"uploadDate\" content=\"2017-10-05T18:28:03Z\"\/>\r\n<meta itemprop=\"thumbnailURL\" content=\"https:\/\/i.ytimg.com\/vi\/RacuiR1vpKg\/hqdefault.jpg\" \/>\r\n<meta itemprop=\"interactionCount\" content=\"948251\" \/>\r\n<meta itemprop=\"embedURL\" content=\"https:\/\/youtube.googleapis.com\/v\/RacuiR1vpKg\" \/>\r\n<div id=\"schema-videoobject\" class=\"video-container\"><iframe width=\"853\" height=\"480\" src=\"https:\/\/www.youtube.com\/embed\/RacuiR1vpKg?rel=0&controls=0&showinfo=0\" frameborder=\"0\" allowfullscreen><\/iframe><\/div>\r\n<span itemprop=\"description\">http:\/\/www.forrofestival.com \r\n\r\nPerformance of Junio & Vera from Forr\u00f3 Aachen at the Brasil Party \"For All\" one of the biggest Forr\u00f3 parties in Europe. \r\n\r\nThis party is part of Europe's greatest Forr\u00f3 F...<\/span>\r\n<\/div>\t\t\t\t<\/div>\n\t\t\t\t<\/div>\n\t\t\t\t<\/div>\n\t\t<div class=\"elementor-element elementor-element-d1cd3f9 e-con-full e-flex e-con e-parent\" data-id=\"d1cd3f9\" data-element_type=\"container\" data-e-type=\"container\">\n\t\t\t\t<div class=\"elementor-element elementor-element-66ab5c2 elementor-widget elementor-widget-html\" data-id=\"66ab5c2\" data-element_type=\"widget\" data-e-type=\"widget\" data-widget_type=\"html.default\">\n\t\t\t\t<div class=\"elementor-widget-container\">\n\t\t\t\t\t<div itemprop=\"video\" itemscope itemtype=\"http:\/\/schema.org\/VideoObject\">\n<h2><span itemprop=\"name\">Forr\u00f3 Show - Dan\u00e7a Bonito Dance School, SommerFestival der Kulturen, Stuttgart<\/span><\/h2>\n<meta itemprop=\"duration\" content=\"PT4M44S\" \/>\n<meta itemprop=\"uploadDate\" content=\"2011-07-18T12:25:25Z\"\/>\n<meta itemprop=\"thumbnailURL\" content=\"https:\/\/i.ytimg.com\/vi\/8XA4b1NvqlU\/hqdefault.jpg\" \/>\n<meta itemprop=\"interactionCount\" content=\"2298\" \/>\n<meta itemprop=\"embedURL\" content=\"https:\/\/youtube.googleapis.com\/v\/8XA4b1NvqlU\" \/>\n<div id=\"schema-videoobject\" class=\"video-container\"><iframe width=\"853\" height=\"480\" src=\"https:\/\/www.youtube.com\/embed\/8XA4b1NvqlU?rel=0&controls=0&showinfo=0\" frameborder=\"0\" allowfullscreen><\/iframe><\/div>\n<span itemprop=\"description\">Dan\u00e7a Bonito\n\nForr\u00f3-Performance from Dan\u00e7a Bonito Dance School:\n\nThomas & Iva\nHans-Peter & Theresa\nAlex & Patrizia\nRainer & Eli\n\nat SommerFestival der Kulturen  2011\n\nDate: 17th July 2011\nLocation: St...<\/span>\n<\/div>\t\t\t\t<\/div>\n\t\t\t\t<\/div>\n\t\t\t\t<\/div>\n\t\t\t\t\t<\/div>\n\t\t\t\t<\/div>\n\t\t<div class=\"elementor-element elementor-element-c58100a e-flex e-con-boxed e-con e-parent\" data-id=\"c58100a\" data-element_type=\"container\" data-e-type=\"container\" data-settings=\"{&quot;background_background&quot;:&quot;classic&quot;}\">\n\t\t\t\t\t<div class=\"e-con-inner\">\n\t\t<div class=\"elementor-element elementor-element-7138b53 e-con-full e-flex e-con e-parent\" data-id=\"7138b53\" data-element_type=\"container\" data-e-type=\"container\">\n\t\t\t\t<div class=\"elementor-element elementor-element-448acbe elementor-widget elementor-widget-html\" data-id=\"448acbe\" data-element_type=\"widget\" data-e-type=\"widget\" data-widget_type=\"html.default\">\n\t\t\t\t<div class=\"elementor-widget-container\">\n\t\t\t\t\t<div itemprop=\"video\" itemscope itemtype=\"http:\/\/schema.org\/VideoObject\">\r\n<h2><span itemprop=\"name\">Forr\u00f3 de Domingo Festival 2015 - Pablo & Margarida - Stuttgart, Alemanha<\/span><\/h2>\r\n<meta itemprop=\"duration\" content=\"PT4M4S\" \/>\r\n<meta itemprop=\"uploadDate\" content=\"2017-01-08T19:02:53Z\"\/>\r\n<meta itemprop=\"thumbnailURL\" content=\"https:\/\/i.ytimg.com\/vi\/-Dmf3Nx1PiM\/hqdefault.jpg\" \/>\r\n<meta itemprop=\"interactionCount\" content=\"124332\" \/>\r\n<meta itemprop=\"embedURL\" content=\"https:\/\/youtube.googleapis.com\/v\/-Dmf3Nx1PiM\" \/>\r\n<div id=\"schema-videoobject\" class=\"video-container\"><iframe width=\"853\" height=\"480\" src=\"https:\/\/www.youtube.com\/embed\/-Dmf3Nx1PiM?rel=0&controls=0&showinfo=0\" frameborder=\"0\" allowfullscreen><\/iframe><\/div>\r\n<span itemprop=\"description\">http:\/\/www.forrofestival.com\r\n\r\nForr\u00f3-Performance of Pablo & Margarida at the Brasil Party \"For All\" one of the biggest Forr\u00f3 parties in Europe.\r\n\r\nThis party is part of Europe's greatest Forr\u00f3 Festival:\r\n...<\/span>\r\n<\/div>\t\t\t\t<\/div>\n\t\t\t\t<\/div>\n\t\t\t\t<\/div>\n\t\t<div class=\"elementor-element elementor-element-9aea935 e-con-full e-flex e-con e-parent\" data-id=\"9aea935\" data-element_type=\"container\" data-e-type=\"container\">\n\t\t\t\t<div class=\"elementor-element elementor-element-8f2a1ca elementor-widget elementor-widget-html\" data-id=\"8f2a1ca\" data-element_type=\"widget\" data-e-type=\"widget\" data-widget_type=\"html.default\">\n\t\t\t\t<div class=\"elementor-widget-container\">\n\t\t\t\t\t<div itemprop=\"video\" itemscope itemtype=\"http:\/\/schema.org\/VideoObject\">\r\n<h2><span itemprop=\"name\">World's greatest Forr\u00f3 Flashmob - Forr\u00f3 de Domingo Festival<\/span><\/h2>\r\n<meta itemprop=\"duration\" content=\"PT9M18S\" \/>\r\n<meta itemprop=\"uploadDate\" content=\"2012-07-08T20:14:31Z\"\/>\r\n<meta itemprop=\"thumbnailURL\" content=\"https:\/\/i.ytimg.com\/vi\/RkmDUBPkgBY\/hqdefault.jpg\" \/>\r\n<meta itemprop=\"interactionCount\" content=\"213440\" \/>\r\n<meta itemprop=\"embedURL\" content=\"https:\/\/youtube.googleapis.com\/v\/RkmDUBPkgBY\" \/>\r\n<div id=\"schema-videoobject\" class=\"video-container\"><iframe width=\"853\" height=\"480\" src=\"https:\/\/www.youtube.com\/embed\/RkmDUBPkgBY?rel=0&controls=0&showinfo=0\" frameborder=\"0\" allowfullscreen><\/iframe><\/div>\r\n<span itemprop=\"description\">World's greatest Forr\u00f3 Flashmob - A film by Alex Hirl\r\n\r\nComing soon... Toca Bonito Festival! The festival of the most practiced couple dance in Brazil:\r\n\r\n# # # # #   Somewhen after Corona \ud83d\ude09   # # # # ...<\/span>\r\n<\/div>\t\t\t\t<\/div>\n\t\t\t\t<\/div>\n\t\t\t\t<\/div>\n\t\t\t\t\t<\/div>\n\t\t\t\t<\/div>\n\t\t<div class=\"elementor-element elementor-element-59bfe2a e-flex e-con-boxed e-con e-parent\" data-id=\"59bfe2a\" data-element_type=\"container\" data-e-type=\"container\" data-settings=\"{&quot;background_background&quot;:&quot;classic&quot;}\">\n\t\t\t\t\t<div class=\"e-con-inner\">\n\t\t<div class=\"elementor-element elementor-element-8b0029a e-con-full e-flex e-con e-parent\" data-id=\"8b0029a\" data-element_type=\"container\" data-e-type=\"container\">\n\t\t\t\t<div class=\"elementor-element elementor-element-68ab5d7 elementor-widget elementor-widget-html\" data-id=\"68ab5d7\" data-element_type=\"widget\" data-e-type=\"widget\" data-widget_type=\"html.default\">\n\t\t\t\t<div class=\"elementor-widget-container\">\n\t\t\t\t\t<div itemprop=\"video\" itemscope itemtype=\"http:\/\/schema.org\/VideoObject\">\r\n<h2><span itemprop=\"name\">Baila Mundo - Gledson Silva & Silvia Kunz (Forr\u00f3 S\u00e4ngerhalle)<\/span><\/h2>\r\n<meta itemprop=\"duration\" content=\"PT3M40S\" \/>\r\n<meta itemprop=\"uploadDate\" content=\"2022-07-17T18:03:57Z\"\/>\r\n<meta itemprop=\"thumbnailURL\" content=\"https:\/\/i.ytimg.com\/vi\/QB2uAk7XqJc\/hqdefault.jpg\" \/>\r\n<meta itemprop=\"interactionCount\" content=\"449\" \/>\r\n<meta itemprop=\"embedURL\" content=\"https:\/\/youtube.googleapis.com\/v\/QB2uAk7XqJc\" \/>\r\n<div id=\"schema-videoobject\" class=\"video-container\"><iframe width=\"853\" height=\"480\" src=\"https:\/\/www.youtube.com\/embed\/QB2uAk7XqJc?rel=0&controls=0&showinfo=0\" frameborder=\"0\" allowfullscreen><\/iframe><\/div>\r\n<span itemprop=\"description\">Confira demo da aula de miudinho de Gledson Silva & Silvia Kunz no Forr\u00f3 S\u00e4ngerhalle em Stuttgart na Alemanha. (16\/07\/2022)\r\nSeht ihr euch die Demo von der Miudinho Untericht von Gledson Silva & Silvia...<\/span>\r\n<\/div>\t\t\t\t<\/div>\n\t\t\t\t<\/div>\n\t\t\t\t<\/div>\n\t\t<div class=\"elementor-element elementor-element-17ed93e e-con-full e-flex e-con e-parent\" data-id=\"17ed93e\" data-element_type=\"container\" data-e-type=\"container\">\n\t\t\t\t<div class=\"elementor-element elementor-element-66ed243 elementor-widget elementor-widget-html\" data-id=\"66ed243\" data-element_type=\"widget\" data-e-type=\"widget\" data-widget_type=\"html.default\">\n\t\t\t\t<div class=\"elementor-widget-container\">\n\t\t\t\t\t<div itemprop=\"video\" itemscope itemtype=\"http:\/\/schema.org\/VideoObject\">\r\n<h2><span itemprop=\"name\">Baila Mundo - Bruna Almeida & Valmir Coelho (Forr\u00f3)<\/span><\/h2>\r\n<meta itemprop=\"duration\" content=\"PT3M23S\" \/>\r\n<meta itemprop=\"uploadDate\" content=\"2022-05-11T15:13:35Z\"\/>\r\n<meta itemprop=\"thumbnailURL\" content=\"https:\/\/i.ytimg.com\/vi\/ISSzdhX1Yro\/hqdefault.jpg\" \/>\r\n<meta itemprop=\"interactionCount\" content=\"2451\" \/>\r\n<meta itemprop=\"embedURL\" content=\"https:\/\/youtube.googleapis.com\/v\/ISSzdhX1Yro\" \/>\r\n<div id=\"schema-videoobject\" class=\"video-container\"><iframe width=\"853\" height=\"480\" src=\"https:\/\/www.youtube.com\/embed\/ISSzdhX1Yro?rel=0&controls=0&showinfo=0\" frameborder=\"0\" allowfullscreen><\/iframe><\/div>\r\n<span itemprop=\"description\">Bruna Almeida & Valmir Coelho s\u00e3o professores de forr\u00f3 origin\u00e1rios de Belo Horizonte em Minas Gerais, com forma\u00e7\u0101o no grupo P\u00e9 Descal\u00e7o, hoje em dia desenvolveram um estilo \u00fanico de dan\u00e7ar com influ\u00ean...<\/span>\r\n<\/div>\t\t\t\t<\/div>\n\t\t\t\t<\/div>\n\t\t\t\t<\/div>\n\t\t\t\t\t<\/div>\n\t\t\t\t<\/div>\n\t\t\t\t<\/div>\n\t\t\t\t\t<\/div>\n\t\t\t\t<\/div>\n\t\t<div class=\"elementor-element elementor-element-022355d e-flex e-con-boxed e-con e-parent\" data-id=\"022355d\" data-element_type=\"container\" data-e-type=\"container\" data-settings=\"{&quot;background_background&quot;:&quot;classic&quot;,&quot;shape_divider_top&quot;:&quot;pyramids&quot;,&quot;shape_divider_top_negative&quot;:&quot;yes&quot;}\">\n\t\t\t\t\t<div class=\"e-con-inner\">\n\t\t\t\t<div class=\"elementor-shape elementor-shape-top\" aria-hidden=\"true\" data-negative=\"true\">\n\t\t\t<svg xmlns=\"http:\/\/www.w3.org\/2000\/svg\" viewbox=\"0 0 1000 100\" preserveaspectratio=\"none\">\n\t<path class=\"elementor-shape-fill\" d=\"M761.9,40.6L643.1,24L333.9,93.8L0.1,1H0v99h1000V1\"\/>\n<\/svg>\t\t<\/div>\n\t\t<div class=\"elementor-element elementor-element-227fc16 e-con-full e-flex e-con e-parent\" data-id=\"227fc16\" data-element_type=\"container\" data-e-type=\"container\">\n\t\t<div class=\"elementor-element elementor-element-0a1b238 e-con-full e-flex e-con e-parent\" data-id=\"0a1b238\" data-element_type=\"container\" data-e-type=\"container\">\n\t\t\t\t<\/div>\n\t\t\t\t<\/div>\n\t\t\t\t\t<\/div>\n\t\t\t\t<\/div>\n\t\t\t\t<\/div>","protected":false},"excerpt":{"rendered":"<p>Forr\u00f3 Videos Stuttgart Videos von Forr\u00f3 Events in Stuttgart Forro de Domingo Festival 2014 &#8211; Valmir &#038; Juzinha &#8211; Stuttgart, Alemanha Home Forr\u00f3-Performance of Valmir &#038; Juzinha (group P\u00e9 Descal\u00e7o, Belo Horizonte) at the Brasil Party &#8222;For All&#8220; one of the biggest Forr\u00f3 parties in Europe. This party is part of&#8230; Forro de Domingo Festival [&hellip;]<\/p>\n","protected":false},"author":2,"featured_media":0,"parent":0,"menu_order":0,"comment_status":"closed","ping_status":"closed","template":"","meta":{"ocean_post_layout":"full-screen","ocean_both_sidebars_style":"","ocean_both_sidebars_content_width":0,"ocean_both_sidebars_sidebars_width":0,"ocean_sidebar":"0","ocean_second_sidebar":"0","ocean_disable_margins":"enable","ocean_add_body_class":"","ocean_shortcode_before_top_bar":"","ocean_shortcode_after_top_bar":"","ocean_shortcode_before_header":"","ocean_shortcode_after_header":"","ocean_has_shortcode":"","ocean_shortcode_after_title":"","ocean_shortcode_before_footer_widgets":"","ocean_shortcode_after_footer_widgets":"","ocean_shortcode_before_footer_bottom":"","ocean_shortcode_after_footer_bottom":"","ocean_display_top_bar":"off","ocean_display_header":"default","ocean_header_style":"","ocean_center_header_left_menu":"0","ocean_custom_header_template":"0","ocean_custom_logo":0,"ocean_custom_retina_logo":0,"ocean_custom_logo_max_width":0,"ocean_custom_logo_tablet_max_width":0,"ocean_custom_logo_mobile_max_width":0,"ocean_custom_logo_max_height":0,"ocean_custom_logo_tablet_max_height":0,"ocean_custom_logo_mobile_max_height":0,"ocean_header_custom_menu":"0","ocean_menu_typo_font_family":"0","ocean_menu_typo_font_subset":"","ocean_menu_typo_font_size":0,"ocean_menu_typo_font_size_tablet":0,"ocean_menu_typo_font_size_mobile":0,"ocean_menu_typo_font_size_unit":"px","ocean_menu_typo_font_weight":"","ocean_menu_typo_font_weight_tablet":"","ocean_menu_typo_font_weight_mobile":"","ocean_menu_typo_transform":"","ocean_menu_typo_transform_tablet":"","ocean_menu_typo_transform_mobile":"","ocean_menu_typo_line_height":0,"ocean_menu_typo_line_height_tablet":0,"ocean_menu_typo_line_height_mobile":0,"ocean_menu_typo_line_height_unit":"","ocean_menu_typo_spacing":0,"ocean_menu_typo_spacing_tablet":0,"ocean_menu_typo_spacing_mobile":0,"ocean_menu_typo_spacing_unit":"","ocean_menu_link_color":"","ocean_menu_link_color_hover":"","ocean_menu_link_color_active":"","ocean_menu_link_background":"","ocean_menu_link_hover_background":"","ocean_menu_link_active_background":"","ocean_menu_social_links_bg":"","ocean_menu_social_hover_links_bg":"","ocean_menu_social_links_color":"","ocean_menu_social_hover_links_color":"","ocean_disable_title":"on","ocean_disable_heading":"default","ocean_post_title":"","ocean_post_subheading":"","ocean_post_title_style":"","ocean_post_title_background_color":"","ocean_post_title_background":0,"ocean_post_title_bg_image_position":"","ocean_post_title_bg_image_attachment":"","ocean_post_title_bg_image_repeat":"","ocean_post_title_bg_image_size":"","ocean_post_title_height":0,"ocean_post_title_bg_overlay":0.5,"ocean_post_title_bg_overlay_color":"","ocean_disable_breadcrumbs":"default","ocean_breadcrumbs_color":"","ocean_breadcrumbs_separator_color":"","ocean_breadcrumbs_links_color":"","ocean_breadcrumbs_links_hover_color":"","ocean_display_footer_widgets":"off","ocean_display_footer_bottom":"off","ocean_custom_footer_template":"0","two_page_speed":{"previous_score":{"desktop_score":35,"desktop_tti":"10.9\u00a0","mobile_score":33,"mobile_tti":"40.1\u00a0","date":"19.05.2023 03:01:56 pm","status":"error_no_score"}},"footnotes":""},"class_list":["post-34","page","type-page","status-publish","hentry","entry"],"_links":{"self":[{"href":"https:\/\/forrostuttgart.de\/en\/wp-json\/wp\/v2\/pages\/34","targetHints":{"allow":["GET"]}}],"collection":[{"href":"https:\/\/forrostuttgart.de\/en\/wp-json\/wp\/v2\/pages"}],"about":[{"href":"https:\/\/forrostuttgart.de\/en\/wp-json\/wp\/v2\/types\/page"}],"author":[{"embeddable":true,"href":"https:\/\/forrostuttgart.de\/en\/wp-json\/wp\/v2\/users\/2"}],"replies":[{"embeddable":true,"href":"https:\/\/forrostuttgart.de\/en\/wp-json\/wp\/v2\/comments?post=34"}],"version-history":[{"count":10,"href":"https:\/\/forrostuttgart.de\/en\/wp-json\/wp\/v2\/pages\/34\/revisions"}],"predecessor-version":[{"id":1592,"href":"https:\/\/forrostuttgart.de\/en\/wp-json\/wp\/v2\/pages\/34\/revisions\/1592"}],"wp:attachment":[{"href":"https:\/\/forrostuttgart.de\/en\/wp-json\/wp\/v2\/media?parent=34"}],"curies":[{"name":"wp","href":"https:\/\/api.w.org\/{rel}","templated":true}]}}